{"id":98,"date":"2025-06-30T15:34:48","date_gmt":"2025-06-30T15:34:48","guid":{"rendered":"https:\/\/www.maitre-bajer-pellet.fr\/?page_id=98"},"modified":"2026-03-06T17:21:39","modified_gmt":"2026-03-06T16:21:39","slug":"honoraires","status":"publish","type":"page","link":"https:\/\/www.maitre-bajer-pellet.fr\/en\/honoraires\/","title":{"rendered":"Fees"},"content":{"rendered":"<div data-elementor-type=\"wp-page\" data-elementor-id=\"98\" class=\"elementor elementor-98\">\n\t\t\t\t<div class=\"elementor-element elementor-element-cbc0f34 e-con-full e-flex wpr-particle-no wpr-jarallax-no wpr-parallax-no wpr-sticky-section-no wpr-equal-height-no e-con e-parent\" data-id=\"cbc0f34\" data-element_type=\"container\" data-e-type=\"container\">\n\t\t\t\t<div class=\"elementor-element elementor-element-dc769ee wpr-promo-box-style-cover elementor-widget elementor-widget-wpr-promo-box\" data-id=\"dc769ee\" data-element_type=\"widget\" data-e-type=\"widget\" data-widget_type=\"wpr-promo-box.default\">\n\t\t\t\t<div class=\"elementor-widget-container\">\n\t\t\t\t\t\n\t\t<div class=\"wpr-promo-box wpr-animation-wrap\">\n\n\t\t\t\t\t\t\t\n\t\t\t\t\t\t\t<div class=\"wpr-promo-box-image\">\n\t\t\t\t\t<div class=\"wpr-promo-box-bg-image wpr-bg-anim-none wpr-anim-timing-ease-default\" style=\"background-image:url(https:\/\/www.maitre-bajer-pellet.fr\/wp-content\/uploads\/2025\/06\/corentin-J5TYAxwQoM8-unsplash-scaled-1.jpg);\"><\/div>\n\t\t\t\t\t<div class=\"wpr-promo-box-bg-overlay wpr-border-anim-none\"><\/div>\n\t\t\t\t<\/div>\n\t\t\t\t\t\t\n\t\t\t<div class=\"wpr-promo-box-content\">\n\n\t\t\t\t\t\t\t\t<div class=\"wpr-promo-box-icon\">\n\t\t\t\t\t\t\t\t\t<\/div>\n\t\t\t\t\n\t\t\t\t<h1 class=\"wpr-promo-box-title\"><span>Fees<\/span><\/h1>\n\t\t\t\t\t\t\t\t\t<div class=\"wpr-promo-box-description\">\n\t\t\t\t\t\t<p><p>H\u00e9lo\u00efse Bajer-Pellet law firm<\/p><\/p>\t\n\t\t\t\t\t<\/div>\t\t\t\t\t\t\n\t\t\t\t\n\t\t\t\t\t\t\t<\/div>\n\n\t\t\t\t\t<\/div>\n\n\t\t\t\t\t\t<\/div>\n\t\t\t\t<\/div>\n\t\t\t\t<\/div>\n\t\t<div class=\"elementor-element elementor-element-39a7ec7 e-flex e-con-boxed wpr-particle-no wpr-jarallax-no wpr-parallax-no wpr-sticky-section-no wpr-equal-height-no e-con e-parent\" data-id=\"39a7ec7\" data-element_type=\"container\" data-e-type=\"container\" data-settings=\"{&quot;background_background&quot;:&quot;classic&quot;}\">\n\t\t\t\t\t<div class=\"e-con-inner\">\n\t\t\t\t<div class=\"elementor-element elementor-element-fc07c63 elementor-widget-divider--view-line elementor-widget elementor-widget-divider\" data-id=\"fc07c63\" data-element_type=\"widget\" data-e-type=\"widget\" data-widget_type=\"divider.default\">\n\t\t\t\t<div class=\"elementor-widget-container\">\n\t\t\t\t\t\t\t<div class=\"elementor-divider\">\n\t\t\t<span class=\"elementor-divider-separator\">\n\t\t\t\t\t\t<\/span>\n\t\t<\/div>\n\t\t\t\t\t\t<\/div>\n\t\t\t\t<\/div>\n\t\t\t\t<div class=\"elementor-element elementor-element-0e49719 elementor-widget elementor-widget-heading\" data-id=\"0e49719\" data-element_type=\"widget\" data-e-type=\"widget\" data-widget_type=\"heading.default\">\n\t\t\t\t<div class=\"elementor-widget-container\">\n\t\t\t\t\t<h2 class=\"elementor-heading-title elementor-size-default\">A billing approach tailored to each client\u2019s situation <\/h2>\t\t\t\t<\/div>\n\t\t\t\t<\/div>\n\t\t\t\t<div class=\"elementor-element elementor-element-bee52a9 elementor-widget elementor-widget-text-editor\" data-id=\"bee52a9\" data-element_type=\"widget\" data-e-type=\"widget\" data-widget_type=\"text-editor.default\">\n\t\t\t\t<div class=\"elementor-widget-container\">\n\t\t\t\t\t\t\t\t\t<p>To best meet our clients' expectations, our billing policy is adapted to the nature of each case and offers fee structures that align with individual circumstances and, where applicable, the volume of work entrusted to the firm.<\/p><p>Legal matters can often require a significant and sometimes unpredictable workload. To ensure full transparency, we conduct an initial case assessment and agree with the client on the most suitable fee arrangement from the following options:<\/p>\t\t\t\t\t\t\t\t<\/div>\n\t\t\t\t<\/div>\n\t\t\t\t\t<\/div>\n\t\t\t\t<\/div>\n\t\t<div class=\"elementor-element elementor-element-680c360 e-flex e-con-boxed wpr-particle-no wpr-jarallax-no wpr-parallax-no wpr-sticky-section-no wpr-equal-height-no e-con e-parent\" data-id=\"680c360\" data-element_type=\"container\" data-e-type=\"container\">\n\t\t\t\t\t<div class=\"e-con-inner\">\n\t\t<div class=\"elementor-element elementor-element-33d3911 e-con-full e-flex wpr-particle-no wpr-jarallax-no wpr-parallax-no wpr-sticky-section-no wpr-equal-height-no e-con e-child\" data-id=\"33d3911\" data-element_type=\"container\" data-e-type=\"container\">\n\t\t\t\t<div class=\"elementor-element elementor-element-7399565 elementor-view-default elementor-widget elementor-widget-icon\" data-id=\"7399565\" data-element_type=\"widget\" data-e-type=\"widget\" data-widget_type=\"icon.default\">\n\t\t\t\t<div class=\"elementor-widget-container\">\n\t\t\t\t\t\t\t<div class=\"elementor-icon-wrapper\">\n\t\t\t<div class=\"elementor-icon\">\n\t\t\t<svg aria-hidden=\"true\" class=\"e-font-icon-svg e-fas-hands-helping\" viewbox=\"0 0 640 512\" xmlns=\"http:\/\/www.w3.org\/2000\/svg\"><path d=\"M488 192H336v56c0 39.7-32.3 72-72 72s-72-32.3-72-72V126.4l-64.9 39C107.8 176.9 96 197.8 96 220.2v47.3l-80 46.2C.7 322.5-4.6 342.1 4.3 357.4l80 138.6c8.8 15.3 28.4 20.5 43.7 11.7L231.4 448H368c35.3 0 64-28.7 64-64h16c17.7 0 32-14.3 32-32v-64h8c13.3 0 24-10.7 24-24v-48c0-13.3-10.7-24-24-24zm147.7-37.4L555.7 16C546.9.7 527.3-4.5 512 4.3L408.6 64H306.4c-12 0-23.7 3.4-33.9 9.7L239 94.6c-9.4 5.8-15 16.1-15 27.1V248c0 22.1 17.9 40 40 40s40-17.9 40-40v-88h184c30.9 0 56 25.1 56 56v28.5l80-46.2c15.3-8.9 20.5-28.4 11.7-43.7z\"><\/path><\/svg>\t\t\t<\/div>\n\t\t<\/div>\n\t\t\t\t\t\t<\/div>\n\t\t\t\t<\/div>\n\t\t\t\t<\/div>\n\t\t<div class=\"elementor-element elementor-element-f98cd37 e-con-full e-flex wpr-particle-no wpr-jarallax-no wpr-parallax-no wpr-sticky-section-no wpr-equal-height-no e-con e-child\" data-id=\"f98cd37\" data-element_type=\"container\" data-e-type=\"container\">\n\t\t\t\t<div class=\"elementor-element elementor-element-10f0f73 elementor-widget elementor-widget-text-editor\" data-id=\"10f0f73\" data-element_type=\"widget\" data-e-type=\"widget\" data-widget_type=\"text-editor.default\">\n\t\t\t\t<div class=\"elementor-widget-container\">\n\t\t\t\t\t\t\t\t\t<p>Hourly billing: Fees are based on an hourly rate communicated to the client in advance. This rate covers all operating costs of the firm, with only external expenses (such as travel, bailiffs, correspondent lawyers, special postal fees, couriers, etc.) being charged separately when applicable. Time spent on the case is tracked in real-time, and each invoice is accompanied by a detailed breakdown of the time spent and tasks performed.<\/p>\t\t\t\t\t\t\t\t<\/div>\n\t\t\t\t<\/div>\n\t\t\t\t<div class=\"elementor-element elementor-element-17d56bf elementor-widget elementor-widget-text-editor\" data-id=\"17d56bf\" data-element_type=\"widget\" data-e-type=\"widget\" data-widget_type=\"text-editor.default\">\n\t\t\t\t<div class=\"elementor-widget-container\">\n\t\t\t\t\t\t\t\t\t<p>Flat-fee arrangements: Depending on the complexity, economic stakes, and legal intricacies of the case, we may offer a pre-agreed fixed fee, ensuring cost predictability for the client.<\/p>\t\t\t\t\t\t\t\t<\/div>\n\t\t\t\t<\/div>\n\t\t\t\t<div class=\"elementor-element elementor-element-f46bd67 elementor-widget elementor-widget-text-editor\" data-id=\"f46bd67\" data-element_type=\"widget\" data-e-type=\"widget\" data-widget_type=\"text-editor.default\">\n\t\t\t\t<div class=\"elementor-widget-container\">\n\t\t\t\t\t\t\t\t\t<p>Success-based fees: In cases where appropriate, we may propose an additional contingency fee, in compliance with the ethical rules of the legal profession.<\/p>\t\t\t\t\t\t\t\t<\/div>\n\t\t\t\t<\/div>\n\t\t\t\t<\/div>\n\t\t\t\t\t<\/div>\n\t\t\t\t<\/div>\n\t\t<div class=\"elementor-element elementor-element-32de072 e-flex e-con-boxed wpr-particle-no wpr-jarallax-no wpr-parallax-no wpr-sticky-section-no wpr-equal-height-no e-con e-parent\" data-id=\"32de072\" data-element_type=\"container\" data-e-type=\"container\" data-settings=\"{&quot;background_background&quot;:&quot;classic&quot;}\">\n\t\t\t\t\t<div class=\"e-con-inner\">\n\t\t\t\t<div class=\"elementor-element elementor-element-78f87d7 elementor-widget-divider--view-line elementor-widget elementor-widget-divider\" data-id=\"78f87d7\" data-element_type=\"widget\" data-e-type=\"widget\" data-widget_type=\"divider.default\">\n\t\t\t\t<div class=\"elementor-widget-container\">\n\t\t\t\t\t\t\t<div class=\"elementor-divider\">\n\t\t\t<span class=\"elementor-divider-separator\">\n\t\t\t\t\t\t<\/span>\n\t\t<\/div>\n\t\t\t\t\t\t<\/div>\n\t\t\t\t<\/div>\n\t\t\t\t<div class=\"elementor-element elementor-element-b5b2b7f elementor-widget elementor-widget-heading\" data-id=\"b5b2b7f\" data-element_type=\"widget\" data-e-type=\"widget\" data-widget_type=\"heading.default\">\n\t\t\t\t<div class=\"elementor-widget-container\">\n\t\t\t\t\t<h3 class=\"elementor-heading-title elementor-size-default\">Fixed-rate initial consultation <\/h3>\t\t\t\t<\/div>\n\t\t\t\t<\/div>\n\t\t\t\t<div class=\"elementor-element elementor-element-4350a91 elementor-widget elementor-widget-text-editor\" data-id=\"4350a91\" data-element_type=\"widget\" data-e-type=\"widget\" data-widget_type=\"text-editor.default\">\n\t\t\t\t<div class=\"elementor-widget-container\">\n\t\t\t\t\t\t\t\t\t<p>The firm offers an initial consultation at a fixed rate of 180 \u20ac excl. VAT (216 \u20ac incl. VAT). Clients may choose between an in-person or video consultation, depending on their preference. This first meeting allows the client to present their questions and explain their situation in detail and receive attentive listening and initial legal guidance from our team.<\/p>\n<p>During this consultation, we conduct a preliminary analysis of the relevant documents to assess the key legal issues at stake. The discussion provides an opportunity to offer an initial legal opinion, outlining available options and the next steps to advance the case effectively.<\/p>\t\t\t\t\t\t\t\t<\/div>\n\t\t\t\t<\/div>\n\t\t\t\t\t<\/div>\n\t\t\t\t<\/div>\n\t\t\t\t<\/div>","protected":false},"excerpt":{"rendered":"<p>Honoraires Cabinet H\u00e9lo\u00efse Bajer-Pellet Un mode de facturation adapt\u00e9 \u00e0 la situation de chaque client Afin de r\u00e9pondre au mieux aux attentes de nos clients, notre politique de facturation s\u2019adapte \u00e0 la nature des dossiers et propose des tarifs r\u00e9pondant aux imp\u00e9ratifs de chacun, et le cas \u00e9ch\u00e9ant au volume d\u2019affaires confi\u00e9 au cabinet. Les dossiers peuvent n\u00e9cessiter une charge de travail importante, parfois impr\u00e9visible lors de leur ouverture. Ainsi, et afin de garantir la plus grande transparence \u00e0 nos clients, apr\u00e8s un premier examen du dossier, nous d\u00e9terminons d\u2019un commun accord avec eux, les modalit\u00e9s de l\u2019honoraire, choisies sur la base de plusieurs types de facturations\u00a0possibles : La facturation sur le fondement du temps pass\u00e9 est fix\u00e9e selon un taux horaire communiqu\u00e9 au client. Ce taux horaire inclut l\u2019ensemble des frais et charges du cabinet\u00a0; seuls les frais ext\u00e9rieurs avanc\u00e9s donnent lieu, le cas \u00e9ch\u00e9ant, \u00e0 une facturation additionnelle (d\u00e9placements, huissiers, avocats correspondants, frais de port sp\u00e9cifiques, coursiers, etc.). Les diligences accomplies et le temps pass\u00e9 dans chaque dossier sont saisis en temps r\u00e9el. Le cabinet adresse \u00e0 l\u2019appui de chaque facture le d\u00e9tail des temps pass\u00e9s et des diligences r\u00e9alis\u00e9es. Nous pouvons alternativement intervenir sur le fondement d\u2019un forfait \u00e9tabli \u00e0 l\u2019avance d\u2019un commun accord avec le client en tenant compte de la difficult\u00e9, de l\u2019enjeu \u00e9conomique et de la complexit\u00e9 juridique des t\u00e2ches et diligences \u00e0 effectuer. Pour certains dossiers qui s\u2019y pr\u00eateraient, nous pouvons envisager en compl\u00e9ment un honoraire de r\u00e9sultat, dans le respect des r\u00e8gles d\u00e9ontologiques de la profession d\u2019avocat. Un premier entretien au montant fixe Le cabinet propose un tarif fixe de 180 euros HT (216 euros TTC) pour un premier rendez-vous, qui peut avoir lieu en pr\u00e9sentiel ou en visioconf\u00e9rence, selon les pr\u00e9f\u00e9rences de nos clients. Cet entretien constitue une opportunit\u00e9 pour le client de pr\u00e9senter ses questions, d\u2019exposer sa situation en d\u00e9tail, et de b\u00e9n\u00e9ficier de l\u2019\u00e9coute attentive de notre \u00e9quipe. Lors de cette consultation, nous proc\u00e9derons \u00e0 une analyse pr\u00e9liminaire des documents du dossier afin de mieux comprendre les enjeux de la situation. L\u2019\u00e9change sera l\u2019opportunit\u00e9 de fournir un premier avis juridique au client, visant \u00e0 l\u2019\u00e9clairer sur ses options et \u00e0 d\u00e9finir les \u00e9tapes \u00e0 venir pour avancer dans la d\u00e9marche.<\/p>","protected":false},"author":1,"featured_media":0,"parent":0,"menu_order":0,"comment_status":"closed","ping_status":"closed","template":"","meta":{"site-sidebar-layout":"no-sidebar","site-content-layout":"","ast-site-content-layout":"full-width-container","site-content-style":"default","site-sidebar-style":"default","ast-global-header-display":"","ast-banner-title-visibility":"","ast-main-header-display":"","ast-hfb-above-header-display":"","ast-hfb-below-header-display":"","ast-hfb-mobile-header-display":"","site-post-title":"disabled","ast-breadcrumbs-content":"","ast-featured-img":"disabled","footer-sml-layout":"","ast-disable-related-posts":"","theme-transparent-header-meta":"","adv-header-id-meta":"","stick-header-meta":"","header-above-stick-meta":"","header-main-stick-meta":"","header-below-stick-meta":"","astra-migrate-meta-layouts":"default","ast-page-background-enabled":"default","ast-page-background-meta":{"desktop":{"background-color":"var(--ast-global-color-5)","background-image":"","background-repeat":"repeat","background-position":"center center","background-size":"auto","background-attachment":"scroll","background-type":"","background-media":"","overlay-type":"","overlay-color":"","overlay-opacity":"","overlay-gradient":""},"tablet":{"background-color":"","background-image":"","background-repeat":"repeat","background-position":"center center","background-size":"auto","background-attachment":"scroll","background-type":"","background-media":"","overlay-type":"","overlay-color":"","overlay-opacity":"","overlay-gradient":""},"mobile":{"background-color":"","background-image":"","background-repeat":"repeat","background-position":"center center","background-size":"auto","background-attachment":"scroll","background-type":"","background-media":"","overlay-type":"","overlay-color":"","overlay-opacity":"","overlay-gradient":""}},"ast-content-background-meta":{"desktop":{"background-color":"var(--ast-global-color-4)","background-image":"","background-repeat":"repeat","background-position":"center center","background-size":"auto","background-attachment":"scroll","background-type":"","background-media":"","overlay-type":"","overlay-color":"","overlay-opacity":"","overlay-gradient":""},"tablet":{"background-color":"var(--ast-global-color-4)","background-image":"","background-repeat":"repeat","background-position":"center center","background-size":"auto","background-attachment":"scroll","background-type":"","background-media":"","overlay-type":"","overlay-color":"","overlay-opacity":"","overlay-gradient":""},"mobile":{"background-color":"var(--ast-global-color-4)","background-image":"","background-repeat":"repeat","background-position":"center center","background-size":"auto","background-attachment":"scroll","background-type":"","background-media":"","overlay-type":"","overlay-color":"","overlay-opacity":"","overlay-gradient":""}},"footnotes":""},"class_list":["post-98","page","type-page","status-publish","hentry"],"yoast_head":"<!-- This site is optimized with the Yoast SEO plugin v27.5 - https:\/\/yoast.com\/product\/yoast-seo-wordpress\/ -->\n<title>Honoraires - Ma\u00eetre H\u00e9lo\u00efse BAJER \u2013 PELLET, Avocate au barreau de Paris<\/title>\n<meta name=\"description\" content=\"Honoraires - H\u00e9lo\u00efse Bajer-Pellet Avocats - Afin de r\u00e9pondre au mieux aux attentes de nos clients, notre politique de facturation s\u2019adapte ...\" \/>\n<meta name=\"robots\" content=\"index, follow, max-snippet:-1, max-image-preview:large, max-video-preview:-1\" \/>\n<link rel=\"canonical\" href=\"https:\/\/www.maitre-bajer-pellet.fr\/en\/honoraires\/\" \/>\n<meta property=\"og:locale\" content=\"en_GB\" \/>\n<meta property=\"og:type\" content=\"article\" \/>\n<meta property=\"og:title\" content=\"Honoraires - Ma\u00eetre H\u00e9lo\u00efse BAJER \u2013 PELLET, Avocate au barreau de Paris\" \/>\n<meta property=\"og:description\" content=\"Honoraires - H\u00e9lo\u00efse Bajer-Pellet Avocats - Afin de r\u00e9pondre au mieux aux attentes de nos clients, notre politique de facturation s\u2019adapte ...\" \/>\n<meta property=\"og:url\" content=\"https:\/\/www.maitre-bajer-pellet.fr\/en\/honoraires\/\" \/>\n<meta property=\"og:site_name\" content=\"Ma\u00eetre H\u00e9lo\u00efse BAJER \u2013 PELLET, Avocate au barreau de Paris\" \/>\n<meta property=\"article:modified_time\" content=\"2026-03-06T16:21:39+00:00\" \/>\n<meta property=\"og:image\" content=\"https:\/\/www.maitre-bajer-pellet.fr\/wp-content\/uploads\/2025\/06\/cropped-Logotype_HBP_Avocats_RVB_Seul_Bleu.png\" \/>\n\t<meta property=\"og:image:width\" content=\"512\" \/>\n\t<meta property=\"og:image:height\" content=\"512\" \/>\n\t<meta property=\"og:image:type\" content=\"image\/png\" \/>\n<meta name=\"twitter:card\" content=\"summary_large_image\" \/>\n<meta name=\"twitter:label1\" content=\"Estimated reading time\" \/>\n\t<meta name=\"twitter:data1\" content=\"2 minutes\" \/>\n<script type=\"application\/ld+json\" class=\"yoast-schema-graph\">{\"@context\":\"https:\\\/\\\/schema.org\",\"@graph\":[{\"@type\":\"WebPage\",\"@id\":\"https:\\\/\\\/www.maitre-bajer-pellet.fr\\\/honoraires\\\/\",\"url\":\"https:\\\/\\\/www.maitre-bajer-pellet.fr\\\/honoraires\\\/\",\"name\":\"Honoraires - Ma\u00eetre H\u00e9lo\u00efse BAJER \u2013 PELLET, Avocate au barreau de Paris\",\"isPartOf\":{\"@id\":\"https:\\\/\\\/www.maitre-bajer-pellet.fr\\\/#website\"},\"datePublished\":\"2025-06-30T15:34:48+00:00\",\"dateModified\":\"2026-03-06T16:21:39+00:00\",\"description\":\"Honoraires - H\u00e9lo\u00efse Bajer-Pellet Avocats - Afin de r\u00e9pondre au mieux aux attentes de nos clients, notre politique de facturation s\u2019adapte ...\",\"breadcrumb\":{\"@id\":\"https:\\\/\\\/www.maitre-bajer-pellet.fr\\\/honoraires\\\/#breadcrumb\"},\"inLanguage\":\"en-GB\",\"potentialAction\":[{\"@type\":\"ReadAction\",\"target\":[\"https:\\\/\\\/www.maitre-bajer-pellet.fr\\\/honoraires\\\/\"]}]},{\"@type\":\"BreadcrumbList\",\"@id\":\"https:\\\/\\\/www.maitre-bajer-pellet.fr\\\/honoraires\\\/#breadcrumb\",\"itemListElement\":[{\"@type\":\"ListItem\",\"position\":1,\"name\":\"Accueil\",\"item\":\"https:\\\/\\\/www.maitre-bajer-pellet.fr\\\/\"},{\"@type\":\"ListItem\",\"position\":2,\"name\":\"Honoraires\"}]},{\"@type\":\"WebSite\",\"@id\":\"https:\\\/\\\/www.maitre-bajer-pellet.fr\\\/#website\",\"url\":\"https:\\\/\\\/www.maitre-bajer-pellet.fr\\\/\",\"name\":\"Ma\u00eetre H\u00e9lo\u00efse BAJER \u2013 PELLET, Avocate au barreau de Paris\",\"description\":\"\",\"publisher\":{\"@id\":\"https:\\\/\\\/www.maitre-bajer-pellet.fr\\\/#\\\/schema\\\/person\\\/6a83d35b8f0e04ecb2b7452d694ef6b3\"},\"potentialAction\":[{\"@type\":\"SearchAction\",\"target\":{\"@type\":\"EntryPoint\",\"urlTemplate\":\"https:\\\/\\\/www.maitre-bajer-pellet.fr\\\/?s={search_term_string}\"},\"query-input\":{\"@type\":\"PropertyValueSpecification\",\"valueRequired\":true,\"valueName\":\"search_term_string\"}}],\"inLanguage\":\"en-GB\"},{\"@type\":[\"Person\",\"Organization\"],\"@id\":\"https:\\\/\\\/www.maitre-bajer-pellet.fr\\\/#\\\/schema\\\/person\\\/6a83d35b8f0e04ecb2b7452d694ef6b3\",\"name\":\"admin\",\"image\":{\"@type\":\"ImageObject\",\"inLanguage\":\"en-GB\",\"@id\":\"https:\\\/\\\/www.maitre-bajer-pellet.fr\\\/wp-content\\\/uploads\\\/2025\\\/06\\\/cropped-Logotype_HBP_Avocats_RVB_Seul_Bleu.png\",\"url\":\"https:\\\/\\\/www.maitre-bajer-pellet.fr\\\/wp-content\\\/uploads\\\/2025\\\/06\\\/cropped-Logotype_HBP_Avocats_RVB_Seul_Bleu.png\",\"contentUrl\":\"https:\\\/\\\/www.maitre-bajer-pellet.fr\\\/wp-content\\\/uploads\\\/2025\\\/06\\\/cropped-Logotype_HBP_Avocats_RVB_Seul_Bleu.png\",\"width\":512,\"height\":512,\"caption\":\"admin\"},\"logo\":{\"@id\":\"https:\\\/\\\/www.maitre-bajer-pellet.fr\\\/wp-content\\\/uploads\\\/2025\\\/06\\\/cropped-Logotype_HBP_Avocats_RVB_Seul_Bleu.png\"},\"sameAs\":[\"https:\\\/\\\/maitre-bajer-pellet.fr\"]}]}<\/script>\n<!-- \/ Yoast SEO plugin. -->","yoast_head_json":{"title":"Honoraires - Ma\u00eetre H\u00e9lo\u00efse BAJER \u2013 PELLET, Avocate au barreau de Paris","description":"Honoraires - H\u00e9lo\u00efse Bajer-Pellet Avocats - Afin de r\u00e9pondre au mieux aux attentes de nos clients, notre politique de facturation s\u2019adapte ...","robots":{"index":"index","follow":"follow","max-snippet":"max-snippet:-1","max-image-preview":"max-image-preview:large","max-video-preview":"max-video-preview:-1"},"canonical":"https:\/\/www.maitre-bajer-pellet.fr\/en\/honoraires\/","og_locale":"en_GB","og_type":"article","og_title":"Honoraires - Ma\u00eetre H\u00e9lo\u00efse BAJER \u2013 PELLET, Avocate au barreau de Paris","og_description":"Honoraires - H\u00e9lo\u00efse Bajer-Pellet Avocats - Afin de r\u00e9pondre au mieux aux attentes de nos clients, notre politique de facturation s\u2019adapte ...","og_url":"https:\/\/www.maitre-bajer-pellet.fr\/en\/honoraires\/","og_site_name":"Ma\u00eetre H\u00e9lo\u00efse BAJER \u2013 PELLET, Avocate au barreau de Paris","article_modified_time":"2026-03-06T16:21:39+00:00","og_image":[{"width":512,"height":512,"url":"https:\/\/www.maitre-bajer-pellet.fr\/wp-content\/uploads\/2025\/06\/cropped-Logotype_HBP_Avocats_RVB_Seul_Bleu.png","type":"image\/png"}],"twitter_card":"summary_large_image","twitter_misc":{"Estimated reading time":"2 minutes"},"schema":{"@context":"https:\/\/schema.org","@graph":[{"@type":"WebPage","@id":"https:\/\/www.maitre-bajer-pellet.fr\/honoraires\/","url":"https:\/\/www.maitre-bajer-pellet.fr\/honoraires\/","name":"Honoraires - Ma\u00eetre H\u00e9lo\u00efse BAJER \u2013 PELLET, Avocate au barreau de Paris","isPartOf":{"@id":"https:\/\/www.maitre-bajer-pellet.fr\/#website"},"datePublished":"2025-06-30T15:34:48+00:00","dateModified":"2026-03-06T16:21:39+00:00","description":"Honoraires - H\u00e9lo\u00efse Bajer-Pellet Avocats - Afin de r\u00e9pondre au mieux aux attentes de nos clients, notre politique de facturation s\u2019adapte ...","breadcrumb":{"@id":"https:\/\/www.maitre-bajer-pellet.fr\/honoraires\/#breadcrumb"},"inLanguage":"en-GB","potentialAction":[{"@type":"ReadAction","target":["https:\/\/www.maitre-bajer-pellet.fr\/honoraires\/"]}]},{"@type":"BreadcrumbList","@id":"https:\/\/www.maitre-bajer-pellet.fr\/honoraires\/#breadcrumb","itemListElement":[{"@type":"ListItem","position":1,"name":"Accueil","item":"https:\/\/www.maitre-bajer-pellet.fr\/"},{"@type":"ListItem","position":2,"name":"Honoraires"}]},{"@type":"WebSite","@id":"https:\/\/www.maitre-bajer-pellet.fr\/#website","url":"https:\/\/www.maitre-bajer-pellet.fr\/","name":"Ma\u00eetre H\u00e9lo\u00efse BAJER \u2013 PELLET, Avocate au barreau de Paris","description":"","publisher":{"@id":"https:\/\/www.maitre-bajer-pellet.fr\/#\/schema\/person\/6a83d35b8f0e04ecb2b7452d694ef6b3"},"potentialAction":[{"@type":"SearchAction","target":{"@type":"EntryPoint","urlTemplate":"https:\/\/www.maitre-bajer-pellet.fr\/?s={search_term_string}"},"query-input":{"@type":"PropertyValueSpecification","valueRequired":true,"valueName":"search_term_string"}}],"inLanguage":"en-GB"},{"@type":["Person","Organization"],"@id":"https:\/\/www.maitre-bajer-pellet.fr\/#\/schema\/person\/6a83d35b8f0e04ecb2b7452d694ef6b3","name":"admin","image":{"@type":"ImageObject","inLanguage":"en-GB","@id":"https:\/\/www.maitre-bajer-pellet.fr\/wp-content\/uploads\/2025\/06\/cropped-Logotype_HBP_Avocats_RVB_Seul_Bleu.png","url":"https:\/\/www.maitre-bajer-pellet.fr\/wp-content\/uploads\/2025\/06\/cropped-Logotype_HBP_Avocats_RVB_Seul_Bleu.png","contentUrl":"https:\/\/www.maitre-bajer-pellet.fr\/wp-content\/uploads\/2025\/06\/cropped-Logotype_HBP_Avocats_RVB_Seul_Bleu.png","width":512,"height":512,"caption":"admin"},"logo":{"@id":"https:\/\/www.maitre-bajer-pellet.fr\/wp-content\/uploads\/2025\/06\/cropped-Logotype_HBP_Avocats_RVB_Seul_Bleu.png"},"sameAs":["https:\/\/maitre-bajer-pellet.fr"]}]}},"_links":{"self":[{"href":"https:\/\/www.maitre-bajer-pellet.fr\/en\/wp-json\/wp\/v2\/pages\/98","targetHints":{"allow":["GET"]}}],"collection":[{"href":"https:\/\/www.maitre-bajer-pellet.fr\/en\/wp-json\/wp\/v2\/pages"}],"about":[{"href":"https:\/\/www.maitre-bajer-pellet.fr\/en\/wp-json\/wp\/v2\/types\/page"}],"author":[{"embeddable":true,"href":"https:\/\/www.maitre-bajer-pellet.fr\/en\/wp-json\/wp\/v2\/users\/1"}],"replies":[{"embeddable":true,"href":"https:\/\/www.maitre-bajer-pellet.fr\/en\/wp-json\/wp\/v2\/comments?post=98"}],"version-history":[{"count":25,"href":"https:\/\/www.maitre-bajer-pellet.fr\/en\/wp-json\/wp\/v2\/pages\/98\/revisions"}],"predecessor-version":[{"id":451,"href":"https:\/\/www.maitre-bajer-pellet.fr\/en\/wp-json\/wp\/v2\/pages\/98\/revisions\/451"}],"wp:attachment":[{"href":"https:\/\/www.maitre-bajer-pellet.fr\/en\/wp-json\/wp\/v2\/media?parent=98"}],"curies":[{"name":"wp","href":"https:\/\/api.w.org\/{rel}","templated":true}]}}