{"id":69,"date":"2025-06-30T15:34:35","date_gmt":"2025-06-30T15:34:35","guid":{"rendered":"https:\/\/www.maitre-bajer-pellet.fr\/?page_id=69"},"modified":"2025-07-14T21:39:49","modified_gmt":"2025-07-14T19:39:49","slug":"heloise-bajer-pellet","status":"publish","type":"page","link":"https:\/\/www.maitre-bajer-pellet.fr\/en\/","title":{"rendered":"H\u00e9lo\u00efse Bajer-Pellet"},"content":{"rendered":"<div data-elementor-type=\"wp-page\" data-elementor-id=\"69\" class=\"elementor elementor-69\">\n\t\t\t\t<div class=\"elementor-element elementor-element-79d8c26 e-con-full e-flex wpr-particle-no wpr-jarallax-no wpr-parallax-no wpr-sticky-section-no wpr-equal-height-no e-con e-parent\" data-id=\"79d8c26\" data-element_type=\"container\" data-e-type=\"container\">\n\t\t\t\t<div class=\"elementor-element elementor-element-6dcefef wpr-promo-box-style-cover elementor-widget elementor-widget-wpr-promo-box\" data-id=\"6dcefef\" data-element_type=\"widget\" data-e-type=\"widget\" data-widget_type=\"wpr-promo-box.default\">\n\t\t\t\t<div class=\"elementor-widget-container\">\n\t\t\t\t\t\n\t\t<div class=\"wpr-promo-box wpr-animation-wrap\">\n\n\t\t\t\t\t\t\t\n\t\t\t\t\t\t\t<div class=\"wpr-promo-box-image\">\n\t\t\t\t\t<div class=\"wpr-promo-box-bg-image wpr-bg-anim-none wpr-anim-timing-ease-default\" style=\"background-image:url(https:\/\/www.maitre-bajer-pellet.fr\/wp-content\/uploads\/2025\/06\/corentin-J5TYAxwQoM8-unsplash-scaled-1.jpg);\"><\/div>\n\t\t\t\t\t<div class=\"wpr-promo-box-bg-overlay wpr-border-anim-none\"><\/div>\n\t\t\t\t<\/div>\n\t\t\t\t\t\t\n\t\t\t<div class=\"wpr-promo-box-content\">\n\n\t\t\t\t\t\t\t\t<div class=\"wpr-promo-box-icon\">\n\t\t\t\t\t\t\t\t\t<\/div>\n\t\t\t\t\n\t\t\t\t<h1 class=\"wpr-promo-box-title\"><span>H\u00e9lo\u00efse Bajer-Pellet Law firm<\/span><\/h1>\n\t\t\t\t\t\t\t\t\t<div class=\"wpr-promo-box-description\">\n\t\t\t\t\t\t<p><p>Lawyers at the Paris Bar<\/p><\/p>\t\n\t\t\t\t\t<\/div>\t\t\t\t\t\t\n\t\t\t\t\n\t\t\t\t\t\t\t\t\t<div class=\"wpr-promo-box-btn-wrap\">\n\t\t\t\t\t\t<a class=\"wpr-promo-box-btn\" href=\"https:\/\/www.maitre-bajer-pellet.fr\/en\/expertise\/\">\n\n\t\t\t\t\t\t\t\t\t\t\t\t\t\t<span class=\"wpr-promo-box-btn-text\">Our expertise<\/span>\t\t\n\t\t\t\t\t\t\t\n\t\t\t\t\t\t\t\t\t\t\t\t\t<\/a>\n\t\t\t\t\t<\/div>\t\n\t\t\t\t\t\t\t<\/div>\n\n\t\t\t\t\t<\/div>\n\n\t\t\t\t\t\t<\/div>\n\t\t\t\t<\/div>\n\t\t\t\t<\/div>\n\t\t<div class=\"elementor-element elementor-element-1712e6c e-flex e-con-boxed wpr-particle-no wpr-jarallax-no wpr-parallax-no wpr-sticky-section-no wpr-equal-height-no e-con e-parent\" data-id=\"1712e6c\" data-element_type=\"container\" data-e-type=\"container\" data-settings=\"{&quot;background_background&quot;:&quot;classic&quot;}\">\n\t\t\t\t\t<div class=\"e-con-inner\">\n\t\t\t\t<div class=\"elementor-element elementor-element-2ce8485 elementor-widget-divider--view-line elementor-widget elementor-widget-divider\" data-id=\"2ce8485\" data-element_type=\"widget\" data-e-type=\"widget\" data-widget_type=\"divider.default\">\n\t\t\t\t<div class=\"elementor-widget-container\">\n\t\t\t\t\t\t\t<div class=\"elementor-divider\">\n\t\t\t<span class=\"elementor-divider-separator\">\n\t\t\t\t\t\t<\/span>\n\t\t<\/div>\n\t\t\t\t\t\t<\/div>\n\t\t\t\t<\/div>\n\t\t\t\t<div class=\"elementor-element elementor-element-4e8d04e elementor-widget elementor-widget-heading\" data-id=\"4e8d04e\" data-element_type=\"widget\" data-e-type=\"widget\" data-widget_type=\"heading.default\">\n\t\t\t\t<div class=\"elementor-widget-container\">\n\t\t\t\t\t<h2 class=\"elementor-heading-title elementor-size-default\">A trusted legal partner for international agents in disputes with their administration<\/h2>\t\t\t\t<\/div>\n\t\t\t\t<\/div>\n\t\t\t\t\t<\/div>\n\t\t\t\t<\/div>\n\t\t<div class=\"elementor-element elementor-element-4c658c9 e-flex e-con-boxed wpr-particle-no wpr-jarallax-no wpr-parallax-no wpr-sticky-section-no wpr-equal-height-no e-con e-parent\" data-id=\"4c658c9\" data-element_type=\"container\" data-e-type=\"container\" data-settings=\"{&quot;background_background&quot;:&quot;classic&quot;}\">\n\t\t\t\t\t<div class=\"e-con-inner\">\n\t\t<div class=\"elementor-element elementor-element-ed30f9d e-con-full e-flex wpr-particle-no wpr-jarallax-no wpr-parallax-no wpr-sticky-section-no wpr-equal-height-no e-con e-child\" data-id=\"ed30f9d\" data-element_type=\"container\" data-e-type=\"container\">\n\t\t\t\t<div class=\"elementor-element elementor-element-212c730 elementor-view-default elementor-widget elementor-widget-icon\" data-id=\"212c730\" data-element_type=\"widget\" data-e-type=\"widget\" data-widget_type=\"icon.default\">\n\t\t\t\t<div class=\"elementor-widget-container\">\n\t\t\t\t\t\t\t<div class=\"elementor-icon-wrapper\">\n\t\t\t<div class=\"elementor-icon\">\n\t\t\t<svg aria-hidden=\"true\" class=\"e-font-icon-svg e-fas-balance-scale-left\" viewbox=\"0 0 640 512\" xmlns=\"http:\/\/www.w3.org\/2000\/svg\"><path d=\"M528 448H352V153.25c20.42-8.94 36.1-26.22 43.38-47.47l132-44.26c8.38-2.81 12.89-11.88 10.08-20.26l-10.17-30.34C524.48 2.54 515.41-1.97 507.03.84L389.11 40.37C375.3 16.36 349.69 0 320 0c-44.18 0-80 35.82-80 80 0 3.43.59 6.71 1.01 10.03l-128.39 43.05c-8.38 2.81-12.89 11.88-10.08 20.26l10.17 30.34c2.81 8.38 11.88 12.89 20.26 10.08l142.05-47.63c4.07 2.77 8.43 5.12 12.99 7.12V496c0 8.84 7.16 16 16 16h224c8.84 0 16-7.16 16-16v-32c-.01-8.84-7.17-16-16.01-16zm111.98-144c0-16.18 1.34-8.73-85.05-181.51-17.65-35.29-68.19-35.36-85.87 0-87.12 174.26-85.04 165.84-85.04 181.51H384c0 44.18 57.31 80 128 80s128-35.82 128-80h-.02zM440 288l72-144 72 144H440zm-269.07-37.51c-17.65-35.29-68.19-35.36-85.87 0C-2.06 424.75.02 416.33.02 432H0c0 44.18 57.31 80 128 80s128-35.82 128-80h-.02c0-16.18 1.34-8.73-85.05-181.51zM56 416l72-144 72 144H56z\"><\/path><\/svg>\t\t\t<\/div>\n\t\t<\/div>\n\t\t\t\t\t\t<\/div>\n\t\t\t\t<\/div>\n\t\t\t\t<\/div>\n\t\t<div class=\"elementor-element elementor-element-e89b304 e-con-full e-flex wpr-particle-no wpr-jarallax-no wpr-parallax-no wpr-sticky-section-no wpr-equal-height-no e-con e-child\" data-id=\"e89b304\" data-element_type=\"container\" data-e-type=\"container\">\n\t\t\t\t<div class=\"elementor-element elementor-element-31eda1f elementor-widget elementor-widget-text-editor\" data-id=\"31eda1f\" data-element_type=\"widget\" data-e-type=\"widget\" data-widget_type=\"text-editor.default\">\n\t\t\t\t<div class=\"elementor-widget-container\">\n\t\t\t\t\t\t\t\t\t<p style=\"font-weight: 400;\">Our firm provides comprehensive legal support to international civil servants and officials in disputes with their administration at every stage of the process, whether in individual or collective claims.<\/p><p style=\"font-weight: 400;\">We offer legal advice and representation before internal bodies of international organisation and international administrative tribunals. We also assist officials in negotiations and amicable settlements with their organisation. Working closely with our clients, we develop tailored legal strategies to effectively protect their interests. Our services are available in both French and English.<\/p><p style=\"font-weight: 400;\">In addition, we advise staff associations and, on occasion, international organisation themselves, particularly when their legal framework is being overhauled.<\/p>\t\t\t\t\t\t\t\t<\/div>\n\t\t\t\t<\/div>\n\t\t\t\t<\/div>\n\t\t\t\t\t<\/div>\n\t\t\t\t<\/div>\n\t\t<div class=\"elementor-element elementor-element-66b74c9 e-flex e-con-boxed wpr-particle-no wpr-jarallax-no wpr-parallax-no wpr-sticky-section-no wpr-equal-height-no e-con e-parent\" data-id=\"66b74c9\" data-element_type=\"container\" data-e-type=\"container\" data-settings=\"{&quot;background_background&quot;:&quot;classic&quot;}\">\n\t\t\t\t\t<div class=\"e-con-inner\">\n\t\t\t\t<div class=\"elementor-element elementor-element-a1bc63f elementor-widget-divider--view-line elementor-widget elementor-widget-divider\" data-id=\"a1bc63f\" data-element_type=\"widget\" data-e-type=\"widget\" data-widget_type=\"divider.default\">\n\t\t\t\t<div class=\"elementor-widget-container\">\n\t\t\t\t\t\t\t<div class=\"elementor-divider\">\n\t\t\t<span class=\"elementor-divider-separator\">\n\t\t\t\t\t\t<\/span>\n\t\t<\/div>\n\t\t\t\t\t\t<\/div>\n\t\t\t\t<\/div>\n\t\t\t\t<div class=\"elementor-element elementor-element-77301bd elementor-widget elementor-widget-heading\" data-id=\"77301bd\" data-element_type=\"widget\" data-e-type=\"widget\" data-widget_type=\"heading.default\">\n\t\t\t\t<div class=\"elementor-widget-container\">\n\t\t\t\t\t<h3 class=\"elementor-heading-title elementor-size-default\">Reliable support in French legal litigation and postulation.<\/h3>\t\t\t\t<\/div>\n\t\t\t\t<\/div>\n\t\t\t\t\t<\/div>\n\t\t\t\t<\/div>\n\t\t<div class=\"elementor-element elementor-element-49f0e70 e-flex e-con-boxed wpr-particle-no wpr-jarallax-no wpr-parallax-no wpr-sticky-section-no wpr-equal-height-no e-con e-parent\" data-id=\"49f0e70\" data-element_type=\"container\" data-e-type=\"container\" data-settings=\"{&quot;background_background&quot;:&quot;classic&quot;}\">\n\t\t\t\t\t<div class=\"e-con-inner\">\n\t\t<div class=\"elementor-element elementor-element-db17705 e-con-full e-flex wpr-particle-no wpr-jarallax-no wpr-parallax-no wpr-sticky-section-no wpr-equal-height-no e-con e-child\" data-id=\"db17705\" data-element_type=\"container\" data-e-type=\"container\">\n\t\t\t\t<div class=\"elementor-element elementor-element-5b23039 elementor-view-default elementor-widget elementor-widget-icon\" data-id=\"5b23039\" data-element_type=\"widget\" data-e-type=\"widget\" data-widget_type=\"icon.default\">\n\t\t\t\t<div class=\"elementor-widget-container\">\n\t\t\t\t\t\t\t<div class=\"elementor-icon-wrapper\">\n\t\t\t<div class=\"elementor-icon\">\n\t\t\t<svg aria-hidden=\"true\" class=\"e-font-icon-svg e-fas-hands-helping\" viewbox=\"0 0 640 512\" xmlns=\"http:\/\/www.w3.org\/2000\/svg\"><path d=\"M488 192H336v56c0 39.7-32.3 72-72 72s-72-32.3-72-72V126.4l-64.9 39C107.8 176.9 96 197.8 96 220.2v47.3l-80 46.2C.7 322.5-4.6 342.1 4.3 357.4l80 138.6c8.8 15.3 28.4 20.5 43.7 11.7L231.4 448H368c35.3 0 64-28.7 64-64h16c17.7 0 32-14.3 32-32v-64h8c13.3 0 24-10.7 24-24v-48c0-13.3-10.7-24-24-24zm147.7-37.4L555.7 16C546.9.7 527.3-4.5 512 4.3L408.6 64H306.4c-12 0-23.7 3.4-33.9 9.7L239 94.6c-9.4 5.8-15 16.1-15 27.1V248c0 22.1 17.9 40 40 40s40-17.9 40-40v-88h184c30.9 0 56 25.1 56 56v28.5l80-46.2c15.3-8.9 20.5-28.4 11.7-43.7z\"><\/path><\/svg>\t\t\t<\/div>\n\t\t<\/div>\n\t\t\t\t\t\t<\/div>\n\t\t\t\t<\/div>\n\t\t\t\t<\/div>\n\t\t<div class=\"elementor-element elementor-element-7e6b29f e-con-full e-flex wpr-particle-no wpr-jarallax-no wpr-parallax-no wpr-sticky-section-no wpr-equal-height-no e-con e-child\" data-id=\"7e6b29f\" data-element_type=\"container\" data-e-type=\"container\">\n\t\t\t\t<div class=\"elementor-element elementor-element-98e56f7 elementor-widget elementor-widget-text-editor\" data-id=\"98e56f7\" data-element_type=\"widget\" data-e-type=\"widget\" data-widget_type=\"text-editor.default\">\n\t\t\t\t<div class=\"elementor-widget-container\">\n\t\t\t\t\t\t\t\t\t<p style=\"font-weight: 400;\">Thanks to our broad expertise, we also represent clients in general litigation under French law, with particular experience in media and press law.<\/p><p style=\"font-weight: 400;\">Furthermore, we act as postulant counsel for fellow lawyers from French and EU bars before courts within the jurisdiction of the Paris Court of Appeal.<\/p><p style=\"font-weight: 400;\">As an independent, human-scale firm, we are committed to professionalism, strategic expertise, and ethical practice. Our approach ensures that every case is handled with precision, responsiveness, and close client engagement.<\/p>\t\t\t\t\t\t\t\t<\/div>\n\t\t\t\t<\/div>\n\t\t\t\t<\/div>\n\t\t\t\t\t<\/div>\n\t\t\t\t<\/div>\n\t\t\t\t<\/div>","protected":false},"excerpt":{"rendered":"<p>CABINET H\u00e9lo\u00efse Bajer-Pellet Avocates au Barreau de Paris Notre expertise Le cabinet partenaire des agents internationaux Notre cabinet accompagne les\u00a0fonctionnaires et agents internationaux dans les diff\u00e9rends les opposant \u00e0 leur Administration \u00e0 tous les stades de la proc\u00e9dure, tant pour des recours individuels que collectifs. Nous offrons des services de conseil et de repr\u00e9sentation devant les instances internes des organisations internationales et devant les juridictions administratives internationales, et assistons \u00e9galement les fonctionnaires lors de n\u00e9gociations ou r\u00e8glements amiables avec l\u2019Organisation. Nous assurons une d\u00e9fense efficace des int\u00e9r\u00eats de nos clients en \u00e9laborant d\u2019une strat\u00e9gie juridique en collaboration avec eux. Nous exer\u00e7ons tant en fran\u00e7ais, qu\u2019en anglais. Nous conseillons \u00e9galement des associations du personnel et occasionnellement les organisations internationales, notamment \u00e0 l\u2019occasion de la refonte du corpus de leurs r\u00e8gles. Un accompagnement fiable en contentieux de droit fran\u00e7ais et postulation Le domaine d\u2019expertise transversal du cabinet permet \u00e9galement de d\u00e9fendre utilement nos clients en contentieux de droit fran\u00e7ais et en particulier en droit de la presse. Nous assurons par ailleurs la postulation de cons\u0153urs et confr\u00e8res de barreaux fran\u00e7ais et de l\u2019Union europ\u00e9enne devant les juridictions du ressort de la cour d\u2019appel de Paris. Notre structure ind\u00e9pendante et \u00e0 taille humaine, notre \u00e9thique professionnelle et le savoir-faire strat\u00e9gique acquis au fil des ans nous permettent de traiter les dossiers avec rigueur, r\u00e9activit\u00e9 et proximit\u00e9.<\/p>","protected":false},"author":1,"featured_media":0,"parent":0,"menu_order":0,"comment_status":"closed","ping_status":"closed","template":"","meta":{"site-sidebar-layout":"no-sidebar","site-content-layout":"","ast-site-content-layout":"full-width-container","site-content-style":"default","site-sidebar-style":"default","ast-global-header-display":"","ast-banner-title-visibility":"","ast-main-header-display":"","ast-hfb-above-header-display":"","ast-hfb-below-header-display":"","ast-hfb-mobile-header-display":"","site-post-title":"disabled","ast-breadcrumbs-content":"","ast-featured-img":"disabled","footer-sml-layout":"","ast-disable-related-posts":"","theme-transparent-header-meta":"","adv-header-id-meta":"","stick-header-meta":"","header-above-stick-meta":"","header-main-stick-meta":"","header-below-stick-meta":"","astra-migrate-meta-layouts":"default","ast-page-background-enabled":"default","ast-page-background-meta":{"desktop":{"background-color":"var(--ast-global-color-5)","background-image":"","background-repeat":"repeat","background-position":"center center","background-size":"auto","background-attachment":"scroll","background-type":"","background-media":"","overlay-type":"","overlay-color":"","overlay-opacity":"","overlay-gradient":""},"tablet":{"background-color":"","background-image":"","background-repeat":"repeat","background-position":"center center","background-size":"auto","background-attachment":"scroll","background-type":"","background-media":"","overlay-type":"","overlay-color":"","overlay-opacity":"","overlay-gradient":""},"mobile":{"background-color":"","background-image":"","background-repeat":"repeat","background-position":"center center","background-size":"auto","background-attachment":"scroll","background-type":"","background-media":"","overlay-type":"","overlay-color":"","overlay-opacity":"","overlay-gradient":""}},"ast-content-background-meta":{"desktop":{"background-color":"var(--ast-global-color-4)","background-image":"","background-repeat":"repeat","background-position":"center center","background-size":"auto","background-attachment":"scroll","background-type":"","background-media":"","overlay-type":"","overlay-color":"","overlay-opacity":"","overlay-gradient":""},"tablet":{"background-color":"var(--ast-global-color-4)","background-image":"","background-repeat":"repeat","background-position":"center center","background-size":"auto","background-attachment":"scroll","background-type":"","background-media":"","overlay-type":"","overlay-color":"","overlay-opacity":"","overlay-gradient":""},"mobile":{"background-color":"var(--ast-global-color-4)","background-image":"","background-repeat":"repeat","background-position":"center center","background-size":"auto","background-attachment":"scroll","background-type":"","background-media":"","overlay-type":"","overlay-color":"","overlay-opacity":"","overlay-gradient":""}},"footnotes":""},"class_list":["post-69","page","type-page","status-publish","hentry"],"yoast_head":"<!-- This site is optimized with the Yoast SEO plugin v27.5 - https:\/\/yoast.com\/product\/yoast-seo-wordpress\/ -->\n<title>H\u00e9lo\u00efse Bajer-Pellet - Ma\u00eetre H\u00e9lo\u00efse BAJER \u2013 PELLET, Avocate au barreau de Paris<\/title>\n<meta name=\"description\" content=\"Cabinet H\u00e9lo\u00efse Bajer-Pellet Avocats - Notre cabinet accompagne les fonctionnaires et agents internationaux dans les diff\u00e9rends ...\" \/>\n<meta name=\"robots\" content=\"index, follow, max-snippet:-1, max-image-preview:large, max-video-preview:-1\" \/>\n<link rel=\"canonical\" href=\"https:\/\/www.maitre-bajer-pellet.fr\/en\/\" \/>\n<meta property=\"og:locale\" content=\"en_GB\" \/>\n<meta property=\"og:type\" content=\"article\" \/>\n<meta property=\"og:title\" content=\"H\u00e9lo\u00efse Bajer-Pellet - Ma\u00eetre H\u00e9lo\u00efse BAJER \u2013 PELLET, Avocate au barreau de Paris\" \/>\n<meta property=\"og:description\" content=\"Cabinet H\u00e9lo\u00efse Bajer-Pellet Avocats - Notre cabinet accompagne les fonctionnaires et agents internationaux dans les diff\u00e9rends ...\" \/>\n<meta property=\"og:url\" content=\"https:\/\/www.maitre-bajer-pellet.fr\/en\/\" \/>\n<meta property=\"og:site_name\" content=\"Ma\u00eetre H\u00e9lo\u00efse BAJER \u2013 PELLET, Avocate au barreau de Paris\" \/>\n<meta property=\"article:modified_time\" content=\"2025-07-14T19:39:49+00:00\" \/>\n<meta property=\"og:image\" content=\"https:\/\/www.maitre-bajer-pellet.fr\/wp-content\/uploads\/2025\/06\/cropped-Logotype_HBP_Avocats_RVB_Seul_Bleu.png\" \/>\n\t<meta property=\"og:image:width\" content=\"512\" \/>\n\t<meta property=\"og:image:height\" content=\"512\" \/>\n\t<meta property=\"og:image:type\" content=\"image\/png\" \/>\n<meta name=\"twitter:card\" content=\"summary_large_image\" \/>\n<meta name=\"twitter:label1\" content=\"Estimated reading time\" \/>\n\t<meta name=\"twitter:data1\" content=\"2 minutes\" \/>\n<script type=\"application\/ld+json\" class=\"yoast-schema-graph\">{\"@context\":\"https:\\\/\\\/schema.org\",\"@graph\":[{\"@type\":\"WebPage\",\"@id\":\"https:\\\/\\\/www.maitre-bajer-pellet.fr\\\/\",\"url\":\"https:\\\/\\\/www.maitre-bajer-pellet.fr\\\/\",\"name\":\"H\u00e9lo\u00efse Bajer-Pellet - Ma\u00eetre H\u00e9lo\u00efse BAJER \u2013 PELLET, Avocate au barreau de Paris\",\"isPartOf\":{\"@id\":\"https:\\\/\\\/www.maitre-bajer-pellet.fr\\\/#website\"},\"datePublished\":\"2025-06-30T15:34:35+00:00\",\"dateModified\":\"2025-07-14T19:39:49+00:00\",\"description\":\"Cabinet H\u00e9lo\u00efse Bajer-Pellet Avocats - Notre cabinet accompagne les fonctionnaires et agents internationaux dans les diff\u00e9rends ...\",\"breadcrumb\":{\"@id\":\"https:\\\/\\\/www.maitre-bajer-pellet.fr\\\/#breadcrumb\"},\"inLanguage\":\"en-GB\",\"potentialAction\":[{\"@type\":\"ReadAction\",\"target\":[\"https:\\\/\\\/www.maitre-bajer-pellet.fr\\\/\"]}]},{\"@type\":\"BreadcrumbList\",\"@id\":\"https:\\\/\\\/www.maitre-bajer-pellet.fr\\\/#breadcrumb\",\"itemListElement\":[{\"@type\":\"ListItem\",\"position\":1,\"name\":\"Accueil\",\"item\":\"https:\\\/\\\/www.maitre-bajer-pellet.fr\\\/\"},{\"@type\":\"ListItem\",\"position\":2,\"name\":\"H\u00e9lo\u00efse Bajer-Pellet\"}]},{\"@type\":\"WebSite\",\"@id\":\"https:\\\/\\\/www.maitre-bajer-pellet.fr\\\/#website\",\"url\":\"https:\\\/\\\/www.maitre-bajer-pellet.fr\\\/\",\"name\":\"Ma\u00eetre H\u00e9lo\u00efse BAJER \u2013 PELLET, Avocate au barreau de Paris\",\"description\":\"\",\"publisher\":{\"@id\":\"https:\\\/\\\/www.maitre-bajer-pellet.fr\\\/#\\\/schema\\\/person\\\/6a83d35b8f0e04ecb2b7452d694ef6b3\"},\"potentialAction\":[{\"@type\":\"SearchAction\",\"target\":{\"@type\":\"EntryPoint\",\"urlTemplate\":\"https:\\\/\\\/www.maitre-bajer-pellet.fr\\\/?s={search_term_string}\"},\"query-input\":{\"@type\":\"PropertyValueSpecification\",\"valueRequired\":true,\"valueName\":\"search_term_string\"}}],\"inLanguage\":\"en-GB\"},{\"@type\":[\"Person\",\"Organization\"],\"@id\":\"https:\\\/\\\/www.maitre-bajer-pellet.fr\\\/#\\\/schema\\\/person\\\/6a83d35b8f0e04ecb2b7452d694ef6b3\",\"name\":\"admin\",\"image\":{\"@type\":\"ImageObject\",\"inLanguage\":\"en-GB\",\"@id\":\"https:\\\/\\\/www.maitre-bajer-pellet.fr\\\/wp-content\\\/uploads\\\/2025\\\/06\\\/cropped-Logotype_HBP_Avocats_RVB_Seul_Bleu.png\",\"url\":\"https:\\\/\\\/www.maitre-bajer-pellet.fr\\\/wp-content\\\/uploads\\\/2025\\\/06\\\/cropped-Logotype_HBP_Avocats_RVB_Seul_Bleu.png\",\"contentUrl\":\"https:\\\/\\\/www.maitre-bajer-pellet.fr\\\/wp-content\\\/uploads\\\/2025\\\/06\\\/cropped-Logotype_HBP_Avocats_RVB_Seul_Bleu.png\",\"width\":512,\"height\":512,\"caption\":\"admin\"},\"logo\":{\"@id\":\"https:\\\/\\\/www.maitre-bajer-pellet.fr\\\/wp-content\\\/uploads\\\/2025\\\/06\\\/cropped-Logotype_HBP_Avocats_RVB_Seul_Bleu.png\"},\"sameAs\":[\"https:\\\/\\\/maitre-bajer-pellet.fr\"]}]}<\/script>\n<!-- \/ Yoast SEO plugin. -->","yoast_head_json":{"title":"H\u00e9lo\u00efse Bajer-Pellet - Ma\u00eetre H\u00e9lo\u00efse BAJER \u2013 PELLET, Avocate au barreau de Paris","description":"Cabinet H\u00e9lo\u00efse Bajer-Pellet Avocats - Notre cabinet accompagne les fonctionnaires et agents internationaux dans les diff\u00e9rends ...","robots":{"index":"index","follow":"follow","max-snippet":"max-snippet:-1","max-image-preview":"max-image-preview:large","max-video-preview":"max-video-preview:-1"},"canonical":"https:\/\/www.maitre-bajer-pellet.fr\/en\/","og_locale":"en_GB","og_type":"article","og_title":"H\u00e9lo\u00efse Bajer-Pellet - Ma\u00eetre H\u00e9lo\u00efse BAJER \u2013 PELLET, Avocate au barreau de Paris","og_description":"Cabinet H\u00e9lo\u00efse Bajer-Pellet Avocats - Notre cabinet accompagne les fonctionnaires et agents internationaux dans les diff\u00e9rends ...","og_url":"https:\/\/www.maitre-bajer-pellet.fr\/en\/","og_site_name":"Ma\u00eetre H\u00e9lo\u00efse BAJER \u2013 PELLET, Avocate au barreau de Paris","article_modified_time":"2025-07-14T19:39:49+00:00","og_image":[{"width":512,"height":512,"url":"https:\/\/www.maitre-bajer-pellet.fr\/wp-content\/uploads\/2025\/06\/cropped-Logotype_HBP_Avocats_RVB_Seul_Bleu.png","type":"image\/png"}],"twitter_card":"summary_large_image","twitter_misc":{"Estimated reading time":"2 minutes"},"schema":{"@context":"https:\/\/schema.org","@graph":[{"@type":"WebPage","@id":"https:\/\/www.maitre-bajer-pellet.fr\/","url":"https:\/\/www.maitre-bajer-pellet.fr\/","name":"H\u00e9lo\u00efse Bajer-Pellet - Ma\u00eetre H\u00e9lo\u00efse BAJER \u2013 PELLET, Avocate au barreau de Paris","isPartOf":{"@id":"https:\/\/www.maitre-bajer-pellet.fr\/#website"},"datePublished":"2025-06-30T15:34:35+00:00","dateModified":"2025-07-14T19:39:49+00:00","description":"Cabinet H\u00e9lo\u00efse Bajer-Pellet Avocats - Notre cabinet accompagne les fonctionnaires et agents internationaux dans les diff\u00e9rends ...","breadcrumb":{"@id":"https:\/\/www.maitre-bajer-pellet.fr\/#breadcrumb"},"inLanguage":"en-GB","potentialAction":[{"@type":"ReadAction","target":["https:\/\/www.maitre-bajer-pellet.fr\/"]}]},{"@type":"BreadcrumbList","@id":"https:\/\/www.maitre-bajer-pellet.fr\/#breadcrumb","itemListElement":[{"@type":"ListItem","position":1,"name":"Accueil","item":"https:\/\/www.maitre-bajer-pellet.fr\/"},{"@type":"ListItem","position":2,"name":"H\u00e9lo\u00efse Bajer-Pellet"}]},{"@type":"WebSite","@id":"https:\/\/www.maitre-bajer-pellet.fr\/#website","url":"https:\/\/www.maitre-bajer-pellet.fr\/","name":"Ma\u00eetre H\u00e9lo\u00efse BAJER \u2013 PELLET, Avocate au barreau de Paris","description":"","publisher":{"@id":"https:\/\/www.maitre-bajer-pellet.fr\/#\/schema\/person\/6a83d35b8f0e04ecb2b7452d694ef6b3"},"potentialAction":[{"@type":"SearchAction","target":{"@type":"EntryPoint","urlTemplate":"https:\/\/www.maitre-bajer-pellet.fr\/?s={search_term_string}"},"query-input":{"@type":"PropertyValueSpecification","valueRequired":true,"valueName":"search_term_string"}}],"inLanguage":"en-GB"},{"@type":["Person","Organization"],"@id":"https:\/\/www.maitre-bajer-pellet.fr\/#\/schema\/person\/6a83d35b8f0e04ecb2b7452d694ef6b3","name":"admin","image":{"@type":"ImageObject","inLanguage":"en-GB","@id":"https:\/\/www.maitre-bajer-pellet.fr\/wp-content\/uploads\/2025\/06\/cropped-Logotype_HBP_Avocats_RVB_Seul_Bleu.png","url":"https:\/\/www.maitre-bajer-pellet.fr\/wp-content\/uploads\/2025\/06\/cropped-Logotype_HBP_Avocats_RVB_Seul_Bleu.png","contentUrl":"https:\/\/www.maitre-bajer-pellet.fr\/wp-content\/uploads\/2025\/06\/cropped-Logotype_HBP_Avocats_RVB_Seul_Bleu.png","width":512,"height":512,"caption":"admin"},"logo":{"@id":"https:\/\/www.maitre-bajer-pellet.fr\/wp-content\/uploads\/2025\/06\/cropped-Logotype_HBP_Avocats_RVB_Seul_Bleu.png"},"sameAs":["https:\/\/maitre-bajer-pellet.fr"]}]}},"_links":{"self":[{"href":"https:\/\/www.maitre-bajer-pellet.fr\/en\/wp-json\/wp\/v2\/pages\/69","targetHints":{"allow":["GET"]}}],"collection":[{"href":"https:\/\/www.maitre-bajer-pellet.fr\/en\/wp-json\/wp\/v2\/pages"}],"about":[{"href":"https:\/\/www.maitre-bajer-pellet.fr\/en\/wp-json\/wp\/v2\/types\/page"}],"author":[{"embeddable":true,"href":"https:\/\/www.maitre-bajer-pellet.fr\/en\/wp-json\/wp\/v2\/users\/1"}],"replies":[{"embeddable":true,"href":"https:\/\/www.maitre-bajer-pellet.fr\/en\/wp-json\/wp\/v2\/comments?post=69"}],"version-history":[{"count":25,"href":"https:\/\/www.maitre-bajer-pellet.fr\/en\/wp-json\/wp\/v2\/pages\/69\/revisions"}],"predecessor-version":[{"id":434,"href":"https:\/\/www.maitre-bajer-pellet.fr\/en\/wp-json\/wp\/v2\/pages\/69\/revisions\/434"}],"wp:attachment":[{"href":"https:\/\/www.maitre-bajer-pellet.fr\/en\/wp-json\/wp\/v2\/media?parent=69"}],"curies":[{"name":"wp","href":"https:\/\/api.w.org\/{rel}","templated":true}]}}